{"id":1840,"date":"2020-12-02T21:22:44","date_gmt":"2020-12-02T18:22:44","guid":{"rendered":"https:\/\/www.bonymodels.com\/contact\/"},"modified":"2026-03-21T22:50:29","modified_gmt":"2026-03-21T19:50:29","slug":"contact","status":"publish","type":"page","link":"https:\/\/www.bonymodels.com\/en\/contact\/","title":{"rendered":"Contact"},"content":{"rendered":"\n<p><\/p>\n<style>.kb-row-layout-id1142_bc0602-cc > .kt-row-column-wrap{align-content:start;}:where(.kb-row-layout-id1142_bc0602-cc > .kt-row-column-wrap) > .wp-block-kadence-column{justify-content:start;}.kb-row-layout-id1142_bc0602-cc > .kt-row-column-wrap{column-gap:var(--global-kb-gap-md, 2rem);row-gap:var(--global-kb-gap-md, 2rem);max-width:var( --global-content-width, 1200px );padding-left:var(--global-content-edge-padding);padding-right:var(--global-content-edge-padding);padding-top:25px;padding-bottom:40px;grid-template-columns:minmax(0, 1fr);}.kb-row-layout-id1142_bc0602-cc > .kt-row-layout-overlay{opacity:0.30;}@media all and (max-width: 1024px){.kb-row-layout-id1142_bc0602-cc > .kt-row-column-wrap{grid-template-columns:minmax(0, 1fr);}}@media all and (max-width: 767px){.kb-row-layout-id1142_bc0602-cc > .kt-row-column-wrap{grid-template-columns:minmax(0, 1fr);}}<\/style><div class=\"kb-row-layout-wrap kb-row-layout-id1142_bc0602-cc alignnone wp-block-kadence-rowlayout\"><div class=\"kt-row-column-wrap kt-has-1-columns kt-row-layout-equal kt-tab-layout-inherit kt-mobile-layout-row kt-row-valign-top kb-theme-content-width\">\n<style>.kadence-column1142_91dabc-c7 > .kt-inside-inner-col,.kadence-column1142_91dabc-c7 > .kt-inside-inner-col:before{border-top-left-radius:0px;border-top-right-radius:0px;border-bottom-right-radius:0px;border-bottom-left-radius:0px;}.kadence-column1142_91dabc-c7 > .kt-inside-inner-col{column-gap:var(--global-kb-gap-sm, 1rem);}.kadence-column1142_91dabc-c7 > .kt-inside-inner-col{flex-direction:column;}.kadence-column1142_91dabc-c7 > .kt-inside-inner-col > .aligncenter{width:100%;}.kadence-column1142_91dabc-c7 > .kt-inside-inner-col:before{opacity:0.3;}.kadence-column1142_91dabc-c7{position:relative;}@media all and (max-width: 1024px){.kadence-column1142_91dabc-c7 > .kt-inside-inner-col{flex-direction:column;justify-content:center;}}@media all and (max-width: 767px){.kadence-column1142_91dabc-c7 > .kt-inside-inner-col{flex-direction:column;justify-content:center;}}<\/style>\n<div class=\"wp-block-kadence-column kadence-column1142_91dabc-c7 inner-column-1\"><div class=\"kt-inside-inner-col\"><style>.kb-row-layout-id1142_e88fdc-68 > .kt-row-column-wrap{align-content:start;}:where(.kb-row-layout-id1142_e88fdc-68 > .kt-row-column-wrap) > .wp-block-kadence-column{justify-content:start;}.kb-row-layout-id1142_e88fdc-68 > .kt-row-column-wrap{column-gap:var(--global-kb-gap-md, 2rem);row-gap:var(--global-kb-gap-md, 2rem);max-width:1187px;margin-left:auto;margin-right:auto;padding-top:10px;padding-right:10px;padding-bottom:10px;padding-left:10px;grid-template-columns:minmax(0, calc(40% - ((var(--global-kb-gap-md, 2rem) * 1 )\/2)))minmax(0, calc(60% - ((var(--global-kb-gap-md, 2rem) * 1 )\/2)));}.kb-row-layout-id1142_e88fdc-68 > .kt-row-layout-overlay{opacity:0.30;}@media all and (max-width: 1024px){.kb-row-layout-id1142_e88fdc-68 > .kt-row-column-wrap{grid-template-columns:repeat(2, minmax(0, 1fr));}}@media all and (max-width: 767px){.kb-row-layout-id1142_e88fdc-68 > .kt-row-column-wrap{grid-template-columns:minmax(0, 1fr);}}<\/style><div class=\"kb-row-layout-wrap kb-row-layout-id1142_e88fdc-68 alignnone has-theme-palette8-background-color kt-row-has-bg wp-block-kadence-rowlayout\"><div class=\"kt-row-column-wrap kt-has-2-columns kt-row-layout-equal kt-tab-layout-inherit kt-mobile-layout-row kt-row-valign-top\">\n<style>.kadence-column1142_d0581b-48 > .kt-inside-inner-col{padding-top:60px;padding-right:60px;padding-bottom:60px;padding-left:60px;}.kadence-column1142_d0581b-48 > .kt-inside-inner-col,.kadence-column1142_d0581b-48 > .kt-inside-inner-col:before{border-top-left-radius:0px;border-top-right-radius:0px;border-bottom-right-radius:0px;border-bottom-left-radius:0px;}.kadence-column1142_d0581b-48 > .kt-inside-inner-col{column-gap:var(--global-kb-gap-sm, 1rem);}.kadence-column1142_d0581b-48 > .kt-inside-inner-col{flex-direction:column;}.kadence-column1142_d0581b-48 > .kt-inside-inner-col > .aligncenter{width:100%;}.kadence-column1142_d0581b-48 > .kt-inside-inner-col:before{opacity:0.3;}.kadence-column1142_d0581b-48{position:relative;}@media all and (max-width: 1024px){.kadence-column1142_d0581b-48 > .kt-inside-inner-col{flex-direction:column;justify-content:center;}}@media all and (max-width: 767px){.kadence-column1142_d0581b-48 > .kt-inside-inner-col{padding-top:40px;padding-right:40px;padding-bottom:40px;padding-left:40px;flex-direction:column;justify-content:center;}}<\/style>\n<div class=\"wp-block-kadence-column kadence-column1142_d0581b-48 inner-column-1\"><div class=\"kt-inside-inner-col\">\n<div class=\"wp-block-media-text is-stacked-on-mobile\" style=\"grid-template-columns:16% auto\"><figure class=\"wp-block-media-text__media\"><img loading=\"lazy\" decoding=\"async\" width=\"980\" height=\"980\" src=\"https:\/\/www.bonymodels.com\/wp-content\/uploads\/2026\/03\/address-logo.png\" alt=\"\" class=\"wp-image-1521 size-full\" srcset=\"https:\/\/www.bonymodels.com\/wp-content\/uploads\/2026\/03\/address-logo.png 980w, https:\/\/www.bonymodels.com\/wp-content\/uploads\/2026\/03\/address-logo-300x300.png 300w, https:\/\/www.bonymodels.com\/wp-content\/uploads\/2026\/03\/address-logo-150x150.png 150w, https:\/\/www.bonymodels.com\/wp-content\/uploads\/2026\/03\/address-logo-768x768.png 768w, https:\/\/www.bonymodels.com\/wp-content\/uploads\/2026\/03\/address-logo-12x12.png 12w, https:\/\/www.bonymodels.com\/wp-content\/uploads\/2026\/03\/address-logo-700x700.png 700w, https:\/\/www.bonymodels.com\/wp-content\/uploads\/2026\/03\/address-logo-100x100.png 100w\" sizes=\"auto, (max-width: 980px) 100vw, 980px\" \/><\/figure><div class=\"wp-block-media-text__content\">\n<p class=\"has-text-align-left\">Selami Ali Mah. Cumhuriyet Cad. No: 46\/38 \u00dcsk\u00fcdar, Istanbul \/ Turkey<\/p>\n<\/div><\/div>\n\n\n\n<div class=\"wp-block-media-text is-stacked-on-mobile\" style=\"grid-template-columns:17% auto\"><figure class=\"wp-block-media-text__media\"><img loading=\"lazy\" decoding=\"async\" width=\"512\" height=\"512\" src=\"https:\/\/www.bonymodels.com\/wp-content\/uploads\/2026\/03\/help-desk.png\" alt=\"\" class=\"wp-image-1520 size-full\" srcset=\"https:\/\/www.bonymodels.com\/wp-content\/uploads\/2026\/03\/help-desk.png 512w, https:\/\/www.bonymodels.com\/wp-content\/uploads\/2026\/03\/help-desk-300x300.png 300w, https:\/\/www.bonymodels.com\/wp-content\/uploads\/2026\/03\/help-desk-150x150.png 150w, https:\/\/www.bonymodels.com\/wp-content\/uploads\/2026\/03\/help-desk-12x12.png 12w, https:\/\/www.bonymodels.com\/wp-content\/uploads\/2026\/03\/help-desk-100x100.png 100w\" sizes=\"auto, (max-width: 512px) 100vw, 512px\" \/><\/figure><div class=\"wp-block-media-text__content\">\n<p class=\"has-text-align-left\">+90 216 706 18 40<\/p>\n<\/div><\/div>\n\n\n\n<div class=\"wp-block-media-text is-stacked-on-mobile\" style=\"grid-template-columns:16% auto\"><figure class=\"wp-block-media-text__media\"><img loading=\"lazy\" decoding=\"async\" width=\"1024\" height=\"1024\" src=\"https:\/\/www.bonymodels.com\/wp-content\/uploads\/2026\/03\/email-logo-3.png\" alt=\"\" class=\"wp-image-1519 size-full\" srcset=\"https:\/\/www.bonymodels.com\/wp-content\/uploads\/2026\/03\/email-logo-3.png 1024w, https:\/\/www.bonymodels.com\/wp-content\/uploads\/2026\/03\/email-logo-3-300x300.png 300w, https:\/\/www.bonymodels.com\/wp-content\/uploads\/2026\/03\/email-logo-3-150x150.png 150w, https:\/\/www.bonymodels.com\/wp-content\/uploads\/2026\/03\/email-logo-3-768x768.png 768w, https:\/\/www.bonymodels.com\/wp-content\/uploads\/2026\/03\/email-logo-3-12x12.png 12w, https:\/\/www.bonymodels.com\/wp-content\/uploads\/2026\/03\/email-logo-3-700x700.png 700w, https:\/\/www.bonymodels.com\/wp-content\/uploads\/2026\/03\/email-logo-3-100x100.png 100w\" sizes=\"auto, (max-width: 1024px) 100vw, 1024px\" \/><\/figure><div class=\"wp-block-media-text__content\">\n<p><a href=\"mailto:info@medionarge.com\">info@medionarge.com<\/a><\/p>\n<\/div><\/div>\n\n\n\n<p><br\/><\/p>\n<\/div><\/div>\n\n\n<style>.kadence-column1142_131c86-31 > .kt-inside-inner-col,.kadence-column1142_131c86-31 > .kt-inside-inner-col:before{border-top-left-radius:0px;border-top-right-radius:0px;border-bottom-right-radius:0px;border-bottom-left-radius:0px;}.kadence-column1142_131c86-31 > .kt-inside-inner-col{column-gap:var(--global-kb-gap-sm, 1rem);}.kadence-column1142_131c86-31 > .kt-inside-inner-col{flex-direction:column;}.kadence-column1142_131c86-31 > .kt-inside-inner-col > .aligncenter{width:100%;}.kadence-column1142_131c86-31 > .kt-inside-inner-col:before{opacity:0.3;}.kadence-column1142_131c86-31{position:relative;}@media all and (max-width: 1024px){.kadence-column1142_131c86-31 > .kt-inside-inner-col{flex-direction:column;justify-content:center;}}@media all and (max-width: 767px){.kadence-column1142_131c86-31 > .kt-inside-inner-col{flex-direction:column;justify-content:center;}}<\/style>\n<div class=\"wp-block-kadence-column kadence-column1142_131c86-31\"><div class=\"kt-inside-inner-col\">\n<div class=\"wp-block-group\"><div class=\"wp-block-group__inner-container is-layout-constrained wp-block-group-is-layout-constrained\"><style>.kb-google-maps-container1142_be5cd3-24{height:450px;}<\/style><div class=\"kb-google-maps-container kb-google-maps-container1142_be5cd3-24  wp-block-kadence-googlemaps\" data-mapid=\"1142_be5cd324\"><iframe width=\"100%\" height=\"100%\"\n\t\t\t\t\t\t\tstyle=\"border:0\" loading=\"lazy\"\n\t\t\t\t\t\t\tsrc=\"https:\/\/www.google.com\/maps\/embed\/v1\/place?key=AIzaSyBAM2o7PiQqwk15LC1XRH2e_KJ-jUa7KYk&#038;zoom=11&#038;maptype=roadmap&#038;q=Selimali+mah.+Cumhuriyet+cad.+No%3A+46%2C+%C4%B0%C3%A7+Kap%C4%B1+No%3A38+%C3%9Csk%C3%BCdar%2F%C4%B0stanbul+medion+arge\"\n\t\t\t\t\t\t\ttitle=\"Google map of Selimali mah. Cumhuriyet cad. No: 46, \u0130\u00e7 Kap\u0131 No:38 \u00dcsk\u00fcdar\/\u0130stanbul medion arge\"><\/iframe><\/div><script>function kb_google_map1142_be5cd324() { let center = { lat: 37.8201, lng: -122.4781}; let map = new google.maps.Map(document.getElementById(\"kb-google-map1142_be5cd324\"), {\n\t\t\t\t\t    zoom: 11,\n\t\t\t\t\t    center: center,});let marker = new google.maps.Marker({   position: { lat: 37.8201, lng: -122.4781},    map: map,  });}<\/script><\/div><\/div>\n<\/div><\/div>\n\n<\/div><\/div><\/div><\/div>\n\n<\/div><\/div>","protected":false},"excerpt":{"rendered":"<p>Selami Ali Mah. Cumhuriyet Cad. No: 46\/38 \u00dcsk\u00fcdar, Istanbul \/ Turkey +90 216 706 18 40 info@medionarge.com<\/p>\n","protected":false},"author":1,"featured_media":0,"parent":0,"menu_order":0,"comment_status":"closed","ping_status":"closed","template":"","meta":{"_kadence_starter_templates_imported_post":false,"_kad_post_transparent":"","_kad_post_title":"","_kad_post_layout":"","_kad_post_sidebar_id":"","_kad_post_content_style":"","_kad_post_vertical_padding":"","_kad_post_feature":"","_kad_post_feature_position":"","_kad_post_header":false,"_kad_post_footer":false,"_kad_post_classname":"","footnotes":""},"class_list":["post-1840","page","type-page","status-publish","hentry"],"_links":{"self":[{"href":"https:\/\/www.bonymodels.com\/en\/wp-json\/wp\/v2\/pages\/1840","targetHints":{"allow":["GET"]}}],"collection":[{"href":"https:\/\/www.bonymodels.com\/en\/wp-json\/wp\/v2\/pages"}],"about":[{"href":"https:\/\/www.bonymodels.com\/en\/wp-json\/wp\/v2\/types\/page"}],"author":[{"embeddable":true,"href":"https:\/\/www.bonymodels.com\/en\/wp-json\/wp\/v2\/users\/1"}],"replies":[{"embeddable":true,"href":"https:\/\/www.bonymodels.com\/en\/wp-json\/wp\/v2\/comments?post=1840"}],"version-history":[{"count":1,"href":"https:\/\/www.bonymodels.com\/en\/wp-json\/wp\/v2\/pages\/1840\/revisions"}],"predecessor-version":[{"id":1846,"href":"https:\/\/www.bonymodels.com\/en\/wp-json\/wp\/v2\/pages\/1840\/revisions\/1846"}],"wp:attachment":[{"href":"https:\/\/www.bonymodels.com\/en\/wp-json\/wp\/v2\/media?parent=1840"}],"curies":[{"name":"wp","href":"https:\/\/api.w.org\/{rel}","templated":true}]}}